{"id":81,"date":"2023-03-07T03:09:55","date_gmt":"2023-03-07T02:09:55","guid":{"rendered":"https:\/\/essentiel-diet.fr\/?page_id=81"},"modified":"2023-03-20T18:59:49","modified_gmt":"2023-03-20T17:59:49","slug":"ateliers","status":"publish","type":"page","link":"https:\/\/essentiel-diet.fr\/?page_id=81","title":{"rendered":"Ateliers"},"content":{"rendered":"\n<p>J\u2019interviens \u00e9galement et r\u00e9guli\u00e8rement dans diff\u00e9rentes structures et associations afin d\u2019animer ou             coanimer des ateliers de pr\u00e9vention en lien avec l\u2019importance des apports nutritionnels.<\/p>\n\n\n\n<p>En effet, la pr\u00e9vention est primordiale:<\/p>\n\n\n\n<ul class=\"wp-block-list\">\n<li><strong>Envers les enfants ou adolescents<\/strong> afin de les prot\u00e9ger de mauvaises habitudes, tout en leur laissant le plaisir de la gourmandise. Les chiffres de l\u2019Organisation Mondiale de la Sant\u00e9 (OMS) et les conclusions de la Recherche nous alertent constamment sur les cons\u00e9quences et les risques d\u2019une alimentation d\u00e9s\u00e9quilibr\u00e9e sur le long terme.<\/li>\n<\/ul>\n\n\n\n<ul class=\"wp-block-list\">\n<li><strong>Envers les s\u00e9niors et la personne \u00e2g\u00e9e<\/strong>: D\u2019apr\u00e8s diff\u00e9rents rapports d\u2019institutions de recherche , on vit plus vieux en France mais pas n\u00e9cessairement en meilleure sant\u00e9.<\/li>\n<\/ul>\n\n\n\n<p>Il y a donc un r\u00e9el besoin d\u2019informer et de mettre en place des actions pr\u00e9ventives autour de la personne \u00e2g\u00e9e afin de maintenir leur autonomie dans les actes de la vie quotidienne, et de pr\u00e9venir le risque de d\u00e9nutrition.<\/p>\n\n\n\n<p>Demande par mail \u00e0 info@essentiel-diet.fr ou par t\u00e9l\u00e9phone au 06 11 23 86 89<\/p>\n","protected":false},"excerpt":{"rendered":"<p> [&hellip;]<\/p>\n","protected":false},"author":1,"featured_media":0,"parent":0,"menu_order":5,"comment_status":"closed","ping_status":"closed","template":"","meta":{"_eb_attr":"","footnotes":""},"class_list":["post-81","page","type-page","status-publish","hentry"],"yoast_head":"<!-- This site is optimized with the Yoast SEO plugin v27.4 - https:\/\/yoast.com\/product\/yoast-seo-wordpress\/ -->\n<title>Ateliers - Essentiel Diet<\/title>\n<meta name=\"robots\" content=\"index, follow, max-snippet:-1, max-image-preview:large, max-video-preview:-1\" \/>\n<link rel=\"canonical\" href=\"https:\/\/essentiel-diet.fr\/?page_id=81\" \/>\n<meta property=\"og:locale\" content=\"en_US\" \/>\n<meta property=\"og:type\" content=\"article\" \/>\n<meta property=\"og:title\" content=\"Ateliers - Essentiel Diet\" \/>\n<meta property=\"og:description\" content=\"[&hellip;]\" \/>\n<meta property=\"og:url\" content=\"https:\/\/essentiel-diet.fr\/?page_id=81\" \/>\n<meta property=\"og:site_name\" content=\"Essentiel Diet\" \/>\n<meta property=\"article:modified_time\" content=\"2023-03-20T17:59:49+00:00\" \/>\n<meta name=\"twitter:card\" content=\"summary_large_image\" \/>\n<meta name=\"twitter:label1\" content=\"Est. reading time\" \/>\n\t<meta name=\"twitter:data1\" content=\"1 minute\" \/>\n<script type=\"application\/ld+json\" class=\"yoast-schema-graph\">{\"@context\":\"https:\\\/\\\/schema.org\",\"@graph\":[{\"@type\":\"WebPage\",\"@id\":\"https:\\\/\\\/essentiel-diet.fr\\\/?page_id=81\",\"url\":\"https:\\\/\\\/essentiel-diet.fr\\\/?page_id=81\",\"name\":\"Ateliers - Essentiel Diet\",\"isPartOf\":{\"@id\":\"http:\\\/\\\/essentiel-diet.fr\\\/#website\"},\"datePublished\":\"2023-03-07T02:09:55+00:00\",\"dateModified\":\"2023-03-20T17:59:49+00:00\",\"breadcrumb\":{\"@id\":\"https:\\\/\\\/essentiel-diet.fr\\\/?page_id=81#breadcrumb\"},\"inLanguage\":\"en-US\",\"potentialAction\":[{\"@type\":\"ReadAction\",\"target\":[\"https:\\\/\\\/essentiel-diet.fr\\\/?page_id=81\"]}]},{\"@type\":\"BreadcrumbList\",\"@id\":\"https:\\\/\\\/essentiel-diet.fr\\\/?page_id=81#breadcrumb\",\"itemListElement\":[{\"@type\":\"ListItem\",\"position\":1,\"name\":\"Accueil\",\"item\":\"http:\\\/\\\/essentiel-diet.fr\\\/\"},{\"@type\":\"ListItem\",\"position\":2,\"name\":\"Ateliers\"}]},{\"@type\":\"WebSite\",\"@id\":\"http:\\\/\\\/essentiel-diet.fr\\\/#website\",\"url\":\"http:\\\/\\\/essentiel-diet.fr\\\/\",\"name\":\"Essentiel Diet\",\"description\":\"L\u2019\u00e9quilibre de votre quotidien\u2026\",\"alternateName\":\"dieteticienne Aniane\",\"potentialAction\":[{\"@type\":\"SearchAction\",\"target\":{\"@type\":\"EntryPoint\",\"urlTemplate\":\"http:\\\/\\\/essentiel-diet.fr\\\/?s={search_term_string}\"},\"query-input\":{\"@type\":\"PropertyValueSpecification\",\"valueRequired\":true,\"valueName\":\"search_term_string\"}}],\"inLanguage\":\"en-US\"}]}<\/script>\n<!-- \/ Yoast SEO plugin. -->","yoast_head_json":{"title":"Ateliers - Essentiel Diet","robots":{"index":"index","follow":"follow","max-snippet":"max-snippet:-1","max-image-preview":"max-image-preview:large","max-video-preview":"max-video-preview:-1"},"canonical":"https:\/\/essentiel-diet.fr\/?page_id=81","og_locale":"en_US","og_type":"article","og_title":"Ateliers - Essentiel Diet","og_description":"[&hellip;]","og_url":"https:\/\/essentiel-diet.fr\/?page_id=81","og_site_name":"Essentiel Diet","article_modified_time":"2023-03-20T17:59:49+00:00","twitter_card":"summary_large_image","twitter_misc":{"Est. reading time":"1 minute"},"schema":{"@context":"https:\/\/schema.org","@graph":[{"@type":"WebPage","@id":"https:\/\/essentiel-diet.fr\/?page_id=81","url":"https:\/\/essentiel-diet.fr\/?page_id=81","name":"Ateliers - Essentiel Diet","isPartOf":{"@id":"http:\/\/essentiel-diet.fr\/#website"},"datePublished":"2023-03-07T02:09:55+00:00","dateModified":"2023-03-20T17:59:49+00:00","breadcrumb":{"@id":"https:\/\/essentiel-diet.fr\/?page_id=81#breadcrumb"},"inLanguage":"en-US","potentialAction":[{"@type":"ReadAction","target":["https:\/\/essentiel-diet.fr\/?page_id=81"]}]},{"@type":"BreadcrumbList","@id":"https:\/\/essentiel-diet.fr\/?page_id=81#breadcrumb","itemListElement":[{"@type":"ListItem","position":1,"name":"Accueil","item":"http:\/\/essentiel-diet.fr\/"},{"@type":"ListItem","position":2,"name":"Ateliers"}]},{"@type":"WebSite","@id":"http:\/\/essentiel-diet.fr\/#website","url":"http:\/\/essentiel-diet.fr\/","name":"Essentiel Diet","description":"L\u2019\u00e9quilibre de votre quotidien\u2026","alternateName":"dieteticienne Aniane","potentialAction":[{"@type":"SearchAction","target":{"@type":"EntryPoint","urlTemplate":"http:\/\/essentiel-diet.fr\/?s={search_term_string}"},"query-input":{"@type":"PropertyValueSpecification","valueRequired":true,"valueName":"search_term_string"}}],"inLanguage":"en-US"}]}},"_links":{"self":[{"href":"https:\/\/essentiel-diet.fr\/index.php?rest_route=\/wp\/v2\/pages\/81","targetHints":{"allow":["GET"]}}],"collection":[{"href":"https:\/\/essentiel-diet.fr\/index.php?rest_route=\/wp\/v2\/pages"}],"about":[{"href":"https:\/\/essentiel-diet.fr\/index.php?rest_route=\/wp\/v2\/types\/page"}],"author":[{"embeddable":true,"href":"https:\/\/essentiel-diet.fr\/index.php?rest_route=\/wp\/v2\/users\/1"}],"replies":[{"embeddable":true,"href":"https:\/\/essentiel-diet.fr\/index.php?rest_route=%2Fwp%2Fv2%2Fcomments&post=81"}],"version-history":[{"count":5,"href":"https:\/\/essentiel-diet.fr\/index.php?rest_route=\/wp\/v2\/pages\/81\/revisions"}],"predecessor-version":[{"id":196,"href":"https:\/\/essentiel-diet.fr\/index.php?rest_route=\/wp\/v2\/pages\/81\/revisions\/196"}],"wp:attachment":[{"href":"https:\/\/essentiel-diet.fr\/index.php?rest_route=%2Fwp%2Fv2%2Fmedia&parent=81"}],"curies":[{"name":"wp","href":"https:\/\/api.w.org\/{rel}","templated":true}]}}