{"id":73,"date":"2023-03-07T02:53:14","date_gmt":"2023-03-07T01:53:14","guid":{"rendered":"https:\/\/essentiel-diet.fr\/?page_id=73"},"modified":"2023-03-20T15:45:02","modified_gmt":"2023-03-20T14:45:02","slug":"manger-diet-cest-quoi","status":"publish","type":"page","link":"https:\/\/essentiel-diet.fr\/?page_id=73","title":{"rendered":"L&#8217;EQUILIBRE ALIMENTAIRE"},"content":{"rendered":"\n<p class=\"has-large-font-size\"><strong>Manger &#8220;Diet&#8221; c&#8217;est quoi?<\/strong><\/p>\n\n\n\n<p>Le plus important, c&#8217;est de s\u2019adapter \u00e0 son rythme de vie, tout en respectant les besoins de son corps, avec plaisir et sans subir un r\u00e9gime. C&#8217;est aussi manger le moins transform\u00e9 possible, le tout pour atteindre l&#8217;\u00e9quilibre alimentaire de son quotidien. <\/p>\n\n\n\n<p>Quand je fais connaissance avec vous, je prends en compte votre situation dans sa globalit\u00e9 pour qu&#8217;ensemble nous fixions des objectifs r\u00e9alisables et sans frustration.<\/p>\n\n\n\n<p><\/p>\n","protected":false},"excerpt":{"rendered":"<p> [&hellip;]<\/p>\n","protected":false},"author":1,"featured_media":0,"parent":0,"menu_order":1,"comment_status":"closed","ping_status":"closed","template":"","meta":{"_eb_attr":"","footnotes":""},"class_list":["post-73","page","type-page","status-publish","hentry"],"yoast_head":"<!-- This site is optimized with the Yoast SEO plugin v27.4 - https:\/\/yoast.com\/product\/yoast-seo-wordpress\/ -->\n<title>L&#039;EQUILIBRE ALIMENTAIRE - Essentiel Diet<\/title>\n<meta name=\"robots\" content=\"index, follow, max-snippet:-1, max-image-preview:large, max-video-preview:-1\" \/>\n<link rel=\"canonical\" href=\"https:\/\/essentiel-diet.fr\/?page_id=73\" \/>\n<meta property=\"og:locale\" content=\"en_US\" \/>\n<meta property=\"og:type\" content=\"article\" \/>\n<meta property=\"og:title\" content=\"L&#039;EQUILIBRE ALIMENTAIRE - Essentiel Diet\" \/>\n<meta property=\"og:description\" content=\"[&hellip;]\" \/>\n<meta property=\"og:url\" content=\"https:\/\/essentiel-diet.fr\/?page_id=73\" \/>\n<meta property=\"og:site_name\" content=\"Essentiel Diet\" \/>\n<meta property=\"article:modified_time\" content=\"2023-03-20T14:45:02+00:00\" \/>\n<meta name=\"twitter:card\" content=\"summary_large_image\" \/>\n<meta name=\"twitter:label1\" content=\"Est. reading time\" \/>\n\t<meta name=\"twitter:data1\" content=\"1 minute\" \/>\n<script type=\"application\/ld+json\" class=\"yoast-schema-graph\">{\"@context\":\"https:\\\/\\\/schema.org\",\"@graph\":[{\"@type\":\"WebPage\",\"@id\":\"https:\\\/\\\/essentiel-diet.fr\\\/?page_id=73\",\"url\":\"https:\\\/\\\/essentiel-diet.fr\\\/?page_id=73\",\"name\":\"L'EQUILIBRE ALIMENTAIRE - Essentiel Diet\",\"isPartOf\":{\"@id\":\"http:\\\/\\\/essentiel-diet.fr\\\/#website\"},\"datePublished\":\"2023-03-07T01:53:14+00:00\",\"dateModified\":\"2023-03-20T14:45:02+00:00\",\"breadcrumb\":{\"@id\":\"https:\\\/\\\/essentiel-diet.fr\\\/?page_id=73#breadcrumb\"},\"inLanguage\":\"en-US\",\"potentialAction\":[{\"@type\":\"ReadAction\",\"target\":[\"https:\\\/\\\/essentiel-diet.fr\\\/?page_id=73\"]}]},{\"@type\":\"BreadcrumbList\",\"@id\":\"https:\\\/\\\/essentiel-diet.fr\\\/?page_id=73#breadcrumb\",\"itemListElement\":[{\"@type\":\"ListItem\",\"position\":1,\"name\":\"Accueil\",\"item\":\"http:\\\/\\\/essentiel-diet.fr\\\/\"},{\"@type\":\"ListItem\",\"position\":2,\"name\":\"L&#8217;EQUILIBRE ALIMENTAIRE\"}]},{\"@type\":\"WebSite\",\"@id\":\"http:\\\/\\\/essentiel-diet.fr\\\/#website\",\"url\":\"http:\\\/\\\/essentiel-diet.fr\\\/\",\"name\":\"Essentiel Diet\",\"description\":\"L\u2019\u00e9quilibre de votre quotidien\u2026\",\"alternateName\":\"dieteticienne Aniane\",\"potentialAction\":[{\"@type\":\"SearchAction\",\"target\":{\"@type\":\"EntryPoint\",\"urlTemplate\":\"http:\\\/\\\/essentiel-diet.fr\\\/?s={search_term_string}\"},\"query-input\":{\"@type\":\"PropertyValueSpecification\",\"valueRequired\":true,\"valueName\":\"search_term_string\"}}],\"inLanguage\":\"en-US\"}]}<\/script>\n<!-- \/ Yoast SEO plugin. -->","yoast_head_json":{"title":"L'EQUILIBRE ALIMENTAIRE - Essentiel Diet","robots":{"index":"index","follow":"follow","max-snippet":"max-snippet:-1","max-image-preview":"max-image-preview:large","max-video-preview":"max-video-preview:-1"},"canonical":"https:\/\/essentiel-diet.fr\/?page_id=73","og_locale":"en_US","og_type":"article","og_title":"L'EQUILIBRE ALIMENTAIRE - Essentiel Diet","og_description":"[&hellip;]","og_url":"https:\/\/essentiel-diet.fr\/?page_id=73","og_site_name":"Essentiel Diet","article_modified_time":"2023-03-20T14:45:02+00:00","twitter_card":"summary_large_image","twitter_misc":{"Est. reading time":"1 minute"},"schema":{"@context":"https:\/\/schema.org","@graph":[{"@type":"WebPage","@id":"https:\/\/essentiel-diet.fr\/?page_id=73","url":"https:\/\/essentiel-diet.fr\/?page_id=73","name":"L'EQUILIBRE ALIMENTAIRE - Essentiel Diet","isPartOf":{"@id":"http:\/\/essentiel-diet.fr\/#website"},"datePublished":"2023-03-07T01:53:14+00:00","dateModified":"2023-03-20T14:45:02+00:00","breadcrumb":{"@id":"https:\/\/essentiel-diet.fr\/?page_id=73#breadcrumb"},"inLanguage":"en-US","potentialAction":[{"@type":"ReadAction","target":["https:\/\/essentiel-diet.fr\/?page_id=73"]}]},{"@type":"BreadcrumbList","@id":"https:\/\/essentiel-diet.fr\/?page_id=73#breadcrumb","itemListElement":[{"@type":"ListItem","position":1,"name":"Accueil","item":"http:\/\/essentiel-diet.fr\/"},{"@type":"ListItem","position":2,"name":"L&#8217;EQUILIBRE ALIMENTAIRE"}]},{"@type":"WebSite","@id":"http:\/\/essentiel-diet.fr\/#website","url":"http:\/\/essentiel-diet.fr\/","name":"Essentiel Diet","description":"L\u2019\u00e9quilibre de votre quotidien\u2026","alternateName":"dieteticienne Aniane","potentialAction":[{"@type":"SearchAction","target":{"@type":"EntryPoint","urlTemplate":"http:\/\/essentiel-diet.fr\/?s={search_term_string}"},"query-input":{"@type":"PropertyValueSpecification","valueRequired":true,"valueName":"search_term_string"}}],"inLanguage":"en-US"}]}},"_links":{"self":[{"href":"https:\/\/essentiel-diet.fr\/index.php?rest_route=\/wp\/v2\/pages\/73","targetHints":{"allow":["GET"]}}],"collection":[{"href":"https:\/\/essentiel-diet.fr\/index.php?rest_route=\/wp\/v2\/pages"}],"about":[{"href":"https:\/\/essentiel-diet.fr\/index.php?rest_route=\/wp\/v2\/types\/page"}],"author":[{"embeddable":true,"href":"https:\/\/essentiel-diet.fr\/index.php?rest_route=\/wp\/v2\/users\/1"}],"replies":[{"embeddable":true,"href":"https:\/\/essentiel-diet.fr\/index.php?rest_route=%2Fwp%2Fv2%2Fcomments&post=73"}],"version-history":[{"count":10,"href":"https:\/\/essentiel-diet.fr\/index.php?rest_route=\/wp\/v2\/pages\/73\/revisions"}],"predecessor-version":[{"id":184,"href":"https:\/\/essentiel-diet.fr\/index.php?rest_route=\/wp\/v2\/pages\/73\/revisions\/184"}],"wp:attachment":[{"href":"https:\/\/essentiel-diet.fr\/index.php?rest_route=%2Fwp%2Fv2%2Fmedia&parent=73"}],"curies":[{"name":"wp","href":"https:\/\/api.w.org\/{rel}","templated":true}]}}