{"id":106,"date":"2023-03-08T15:12:21","date_gmt":"2023-03-08T14:12:21","guid":{"rendered":"https:\/\/essentiel-diet.fr\/?page_id=106"},"modified":"2023-03-20T18:57:25","modified_gmt":"2023-03-20T17:57:25","slug":"pathologies-et-prevention","status":"publish","type":"page","link":"https:\/\/essentiel-diet.fr\/?page_id=106","title":{"rendered":"Accompagnement Th\u00e9rapeutique"},"content":{"rendered":"\n<p>Parfois un r\u00e9gime th\u00e9rapeutique s\u2019impose. En lien avec un probl\u00e8me de sant\u00e9, et en tant que di\u00e9t\u00e9ticienne nutritionniste, je vous accompagne afin d\u2019allier la bonne alimentation dans le but d\u2019am\u00e9liorer cet \u00e9tat de sant\u00e9.<\/p>\n\n\n\n<p>Ainsi, si vous souffrez d\u2019une pathologie, l\u2019alimentation fait partie des soins:<\/p>\n\n\n\n<ul class=\"wp-block-list\">\n<li>Les pathologies dites du m\u00e9tabolisme: le diab\u00e8te, l\u2019ob\u00e9sit\u00e9, le syndrome m\u00e9tabolique\u2026<\/li>\n<\/ul>\n\n\n\n<ul class=\"wp-block-list\">\n<li>Les pathologies du syst\u00e8me digestif: maladies intestinales comme la maladie de Crohn ou le syndrome de l\u2019intestin irritable, les maladies de l\u2019estomac, les pathologies h\u00e9patiques\u2026<\/li>\n<\/ul>\n\n\n\n<ul class=\"wp-block-list\">\n<li>Les pathologies cardio-vasculaires:&nbsp; l\u2019hypertension art\u00e9rielle, l\u2019insuffisance cardiaque\u2026<\/li>\n<\/ul>\n\n\n\n<ul class=\"wp-block-list\">\n<li>Les pathologies en lien avec le syst\u00e8me r\u00e9nal: l\u2019insuffisance r\u00e9nale, les calculs r\u00e9naux\u2026<\/li>\n<\/ul>\n\n\n\n<ul class=\"wp-block-list\">\n<li>&nbsp;Les pathologies de la femme enceinte, p\u00e9diatrique, de la personne \u00e2g\u00e9e\u2026<\/li>\n<\/ul>\n","protected":false},"excerpt":{"rendered":"<p> [&hellip;]<\/p>\n","protected":false},"author":1,"featured_media":0,"parent":0,"menu_order":2,"comment_status":"closed","ping_status":"closed","template":"","meta":{"_eb_attr":"","footnotes":""},"class_list":["post-106","page","type-page","status-publish","hentry"],"yoast_head":"<!-- This site is optimized with the Yoast SEO plugin v27.4 - https:\/\/yoast.com\/product\/yoast-seo-wordpress\/ -->\n<title>Accompagnement Th\u00e9rapeutique - Essentiel Diet<\/title>\n<meta name=\"robots\" content=\"index, follow, max-snippet:-1, max-image-preview:large, max-video-preview:-1\" \/>\n<link rel=\"canonical\" href=\"https:\/\/essentiel-diet.fr\/?page_id=106\" \/>\n<meta property=\"og:locale\" content=\"en_US\" \/>\n<meta property=\"og:type\" content=\"article\" \/>\n<meta property=\"og:title\" content=\"Accompagnement Th\u00e9rapeutique - Essentiel Diet\" \/>\n<meta property=\"og:description\" content=\"[&hellip;]\" \/>\n<meta property=\"og:url\" content=\"https:\/\/essentiel-diet.fr\/?page_id=106\" \/>\n<meta property=\"og:site_name\" content=\"Essentiel Diet\" \/>\n<meta property=\"article:modified_time\" content=\"2023-03-20T17:57:25+00:00\" \/>\n<meta name=\"twitter:card\" content=\"summary_large_image\" \/>\n<meta name=\"twitter:label1\" content=\"Est. reading time\" \/>\n\t<meta name=\"twitter:data1\" content=\"1 minute\" \/>\n<script type=\"application\/ld+json\" class=\"yoast-schema-graph\">{\"@context\":\"https:\\\/\\\/schema.org\",\"@graph\":[{\"@type\":\"WebPage\",\"@id\":\"https:\\\/\\\/essentiel-diet.fr\\\/?page_id=106\",\"url\":\"https:\\\/\\\/essentiel-diet.fr\\\/?page_id=106\",\"name\":\"Accompagnement Th\u00e9rapeutique - Essentiel Diet\",\"isPartOf\":{\"@id\":\"http:\\\/\\\/essentiel-diet.fr\\\/#website\"},\"datePublished\":\"2023-03-08T14:12:21+00:00\",\"dateModified\":\"2023-03-20T17:57:25+00:00\",\"breadcrumb\":{\"@id\":\"https:\\\/\\\/essentiel-diet.fr\\\/?page_id=106#breadcrumb\"},\"inLanguage\":\"en-US\",\"potentialAction\":[{\"@type\":\"ReadAction\",\"target\":[\"https:\\\/\\\/essentiel-diet.fr\\\/?page_id=106\"]}]},{\"@type\":\"BreadcrumbList\",\"@id\":\"https:\\\/\\\/essentiel-diet.fr\\\/?page_id=106#breadcrumb\",\"itemListElement\":[{\"@type\":\"ListItem\",\"position\":1,\"name\":\"Accueil\",\"item\":\"http:\\\/\\\/essentiel-diet.fr\\\/\"},{\"@type\":\"ListItem\",\"position\":2,\"name\":\"Accompagnement Th\u00e9rapeutique\"}]},{\"@type\":\"WebSite\",\"@id\":\"http:\\\/\\\/essentiel-diet.fr\\\/#website\",\"url\":\"http:\\\/\\\/essentiel-diet.fr\\\/\",\"name\":\"Essentiel Diet\",\"description\":\"L\u2019\u00e9quilibre de votre quotidien\u2026\",\"alternateName\":\"dieteticienne Aniane\",\"potentialAction\":[{\"@type\":\"SearchAction\",\"target\":{\"@type\":\"EntryPoint\",\"urlTemplate\":\"http:\\\/\\\/essentiel-diet.fr\\\/?s={search_term_string}\"},\"query-input\":{\"@type\":\"PropertyValueSpecification\",\"valueRequired\":true,\"valueName\":\"search_term_string\"}}],\"inLanguage\":\"en-US\"}]}<\/script>\n<!-- \/ Yoast SEO plugin. -->","yoast_head_json":{"title":"Accompagnement Th\u00e9rapeutique - Essentiel Diet","robots":{"index":"index","follow":"follow","max-snippet":"max-snippet:-1","max-image-preview":"max-image-preview:large","max-video-preview":"max-video-preview:-1"},"canonical":"https:\/\/essentiel-diet.fr\/?page_id=106","og_locale":"en_US","og_type":"article","og_title":"Accompagnement Th\u00e9rapeutique - Essentiel Diet","og_description":"[&hellip;]","og_url":"https:\/\/essentiel-diet.fr\/?page_id=106","og_site_name":"Essentiel Diet","article_modified_time":"2023-03-20T17:57:25+00:00","twitter_card":"summary_large_image","twitter_misc":{"Est. reading time":"1 minute"},"schema":{"@context":"https:\/\/schema.org","@graph":[{"@type":"WebPage","@id":"https:\/\/essentiel-diet.fr\/?page_id=106","url":"https:\/\/essentiel-diet.fr\/?page_id=106","name":"Accompagnement Th\u00e9rapeutique - Essentiel Diet","isPartOf":{"@id":"http:\/\/essentiel-diet.fr\/#website"},"datePublished":"2023-03-08T14:12:21+00:00","dateModified":"2023-03-20T17:57:25+00:00","breadcrumb":{"@id":"https:\/\/essentiel-diet.fr\/?page_id=106#breadcrumb"},"inLanguage":"en-US","potentialAction":[{"@type":"ReadAction","target":["https:\/\/essentiel-diet.fr\/?page_id=106"]}]},{"@type":"BreadcrumbList","@id":"https:\/\/essentiel-diet.fr\/?page_id=106#breadcrumb","itemListElement":[{"@type":"ListItem","position":1,"name":"Accueil","item":"http:\/\/essentiel-diet.fr\/"},{"@type":"ListItem","position":2,"name":"Accompagnement Th\u00e9rapeutique"}]},{"@type":"WebSite","@id":"http:\/\/essentiel-diet.fr\/#website","url":"http:\/\/essentiel-diet.fr\/","name":"Essentiel Diet","description":"L\u2019\u00e9quilibre de votre quotidien\u2026","alternateName":"dieteticienne Aniane","potentialAction":[{"@type":"SearchAction","target":{"@type":"EntryPoint","urlTemplate":"http:\/\/essentiel-diet.fr\/?s={search_term_string}"},"query-input":{"@type":"PropertyValueSpecification","valueRequired":true,"valueName":"search_term_string"}}],"inLanguage":"en-US"}]}},"_links":{"self":[{"href":"https:\/\/essentiel-diet.fr\/index.php?rest_route=\/wp\/v2\/pages\/106","targetHints":{"allow":["GET"]}}],"collection":[{"href":"https:\/\/essentiel-diet.fr\/index.php?rest_route=\/wp\/v2\/pages"}],"about":[{"href":"https:\/\/essentiel-diet.fr\/index.php?rest_route=\/wp\/v2\/types\/page"}],"author":[{"embeddable":true,"href":"https:\/\/essentiel-diet.fr\/index.php?rest_route=\/wp\/v2\/users\/1"}],"replies":[{"embeddable":true,"href":"https:\/\/essentiel-diet.fr\/index.php?rest_route=%2Fwp%2Fv2%2Fcomments&post=106"}],"version-history":[{"count":10,"href":"https:\/\/essentiel-diet.fr\/index.php?rest_route=\/wp\/v2\/pages\/106\/revisions"}],"predecessor-version":[{"id":195,"href":"https:\/\/essentiel-diet.fr\/index.php?rest_route=\/wp\/v2\/pages\/106\/revisions\/195"}],"wp:attachment":[{"href":"https:\/\/essentiel-diet.fr\/index.php?rest_route=%2Fwp%2Fv2%2Fmedia&parent=106"}],"curies":[{"name":"wp","href":"https:\/\/api.w.org\/{rel}","templated":true}]}}